{"id":3,"date":"2019-05-09T01:25:21","date_gmt":"2019-05-09T01:25:21","guid":{"rendered":"http:\/?page_id=3"},"modified":"2022-06-10T12:40:37","modified_gmt":"2022-06-10T12:40:37","slug":"privacy-policy","status":"publish","type":"page","link":"https:\/\/wayms.pl\/pl\/privacy-policy\/","title":{"rendered":"Polityka prywatno\u015bci"},"content":{"rendered":"<h2><br \/><\/h2>\r\n<p>Prywatno\u015b\u0107 U\u017cytkownik\u00f3w i bezpiecze\u0144stwo ich danych jest nadrz\u0119dnym celem Milestone Sp. z o.o. Pi\u0105tkowska 122 \/ 1A 60-649 Pozna\u0144, Poland, dalej \u201eMy\u201d lub \u201eMilestone\u201d. Dok\u0142adamy wszelkich stara\u0144, aby jak najlepiej chroni\u0107 Twoje dane osobowe, kt\u00f3rymi administrujemy. Zale\u017cy nam aby stosowane przez nas \u015brodki ochrony by\u0142y skuteczne i dawa\u0142y gwarancj\u0119 poufno\u015bci, integralno\u015bci i dost\u0119pno\u015bci przetwarzanych danych.<\/p>\r\n<p>Dane osobowe to wszelkie informacje, kt\u00f3re mog\u0105 Ci\u0119 identyfikowa\u0107, np. Twoje imi\u0119 i nazwisko, numer telefonu.<\/p>\r\n<p>Przetwarzanie to wszelkie operacje wykonywane na Twoich danych osobowych np. pozyskiwanie czy analizowanie danych na potrzeby \u015bwiadczenia us\u0142ug.<\/p>\r\n<p>Niniejszy dokument dotyczy danych osobowych i innych informacji jakie od Ciebie otrzymujemy. Dowiesz si\u0119 z niego jakie operacje przetwarzania danych osobowych mog\u0105 by\u0107 realizowane w ramach dzia\u0142alno\u015bci Milestone i jak si\u0119 odbywaj\u0105.<\/p>\r\n\r\n\r\n\r\n<h2>Kto administruje Twoimi danymi osobowymi?<\/h2>\r\n\r\n\r\n\r\n<h4>W przypadku publicznych serwer\u00f3w<\/h4>\r\n\r\n<p>Administratorem Twoich danych osobowych jest Milestone, w\u0142a\u015bciciel aplikacji mobilnej Printscope oraz portalu www.printoscope.pl (dalej \u201caplikacja Printoscope\u201d). Administrator to podmiot, kt\u00f3ry decyduje o tym, jak wykorzystuje si\u0119 Twoje dane osobowe.<\/p>\r\n\r\n\r\n\r\n<h4>W przypadku prywatnych serwer\u00f3w<\/h4>\r\n\r\n<p><span class=\"VIiyi\" lang=\"en\"><span class=\"JLqJ4b ChMk0b\" data-language-for-alternatives=\"en\" data-language-to-translate-into=\"pl\" data-phrase-index=\"0\" data-number-of-phrases=\"1\"><span class=\"Q4iAWc\">Administratorem Twoich danych osobowych jest firma, kt\u00f3ra posiada licencj\u0119 Printoscope.<\/span><\/span><\/span><\/p>\r\n<p>Milestone stosuje zabezpieczenia techniczne i organizacyjne zapewniaj\u0105ce ochron\u0119 danych osobowych przed nieautoryzowanym lub bezprawnym przetwarzaniem, przypadkow\u0105 utrat\u0105, uszkodzeniem lub zniszczeniem i zapewnia aby tak\u0105 sam\u0105 ochron\u0119 danych stosowa\u0142y podmioty wsp\u00f3\u0142pracuj\u0105ce, kt\u00f3rym powierzy\u0142 dane do przetwarzania.<\/p>\r\n\r\n\r\n\r\n<h2>Jak si\u0119 z nami skontaktowa\u0107, \u017ceby uzyska\u0107 wi\u0119cej informacji o przetwarzaniu Twoich danych osobowych?<\/h2>\r\n<p>Napisz do wyznaczonego przez nas inspektora danych osobowych je\u015bli masz w\u0105tpliwo\u015bci lub pytania co do Twoich praw. Skontaktujesz si\u0119 z nim pod adresem mailowym office@wayms.com<\/p>\r\n<p>Adres pocztowy:<br \/>Inspektor Ochrony Danych<br \/>Milestone Sp. z o.o.<br \/>Pi\u0105tkowska 122 \/ 1A<br \/>60-649 Pozna\u0144, Poland<\/p>\r\n\r\n\r\n\r\n<h2>Sk\u0105d mamy Twoje dane?<\/h2>\r\n<p>Otrzymali\u015bmy je bezpo\u015brednio od Ciebie w procesie zak\u0142adania Konta w systemie Printoscope i w trakcie Twojego korzystania z aplikacji Printoscope, a tak\u017ce z innych \u017ar\u00f3de\u0142, zgodnie z prawem oraz na podstawie um\u00f3w z partnerami. Tymi innymi \u017ar\u00f3d\u0142ami mog\u0105 by\u0107 \u017ar\u00f3d\u0142a publiczne, np. rejestry KRS, CEIDG. W ka\u017cdym ze wskazanych przypadk\u00f3w weryfikujemy czy mamy podstaw\u0119 prawn\u0105 przetwarzania Twoich danych osobowych.<\/p>\r\n\r\n\r\n\r\n<h2>Jaki jest cel i podstawa prawna przetwarzania Twoich danych osobowych przez Milestone?<\/h2>\r\n\r\n<p>Zapewniamy, i\u017c przetwarzamy Twoje dane osobowe zgodnie z obowi\u0105zuj\u0105cymi przepisami prawa - w szczeg\u00f3lno\u015bci zgodnie z rozporz\u0105dzeniem Parlamentu Europejskiego i Rady (UE) 2016\/679 z dnia 27 kwietnia 2016 r. w sprawie ochrony os\u00f3b fizycznych w zwi\u0105zku z przetwarzaniem danych osobowych i w sprawie swobodnego przep\u0142ywu takich danych oraz uchylenia dyrektywy 95\/46\/WE (RODO) oraz z ustaw\u0105 z dnia 10 maja 2018 r. o ochronie danych osobowych oraz przepisami szczeg\u00f3lnymi.<\/p>\r\n<p>Gwarantujemy, \u017ce Twoje dane b\u0119d\u0105 przetwarzane zgodnie z celem, dla kt\u00f3rego zosta\u0142y nam przekazane, a w przypadku je\u017celi podstaw\u0105 ich przetwarzania by\u0142a dobrowolna zgoda, b\u0119dziesz j\u0105 m\u00f3g\u0142 odwo\u0142a\u0107 w dowolnym momencie.<\/p>\r\n<p>Przetwarzamy Twoje dane osobowe, poniewa\u017c jest to niezb\u0119dne do zawarcia, nale\u017cytego wykonania, rozwi\u0105zania lub podj\u0119cia innych czynno\u015bci niezb\u0119dnych do realizacji zawartej z Tob\u0105 umowy, w tym do:<\/p>\r\n<ul>\r\n<li>umo\u017cliwienia \u015bwiadczenia us\u0142ugi drog\u0105 elektroniczn\u0105 oraz pe\u0142nego korzystania z aplikacji Printoscope;<\/li>\r\n<li>zak\u0142adania i zarz\u0105dzania Twoim kontem lub kontami, oraz zapewnienia obs\u0142ugi Twojego konta i rozwi\u0105zywania problem\u00f3w technicznych;<\/li>\r\n<li>obs\u0142ugi reklamacji transakcji zrealizowanych w aplikacji Printoscope w przypadku, gdy z\u0142o\u017cysz tak\u0105 reklamacj\u0119;<\/li>\r\n<li>obs\u0142ugi zg\u0142osze\u0144, kt\u00f3re do nas kierujesz (np. przez formularz kontaktowy);<\/li>\r\n<li>kontaktowania si\u0119 z Tob\u0105, w tym w celach zwi\u0105zanych ze \u015bwiadczeniem us\u0142ug.<\/li>\r\n<\/ul>\r\n<p>Dodatkowo, przetwarzamy Twoje dane osobowe w celu wype\u0142nienia obowi\u0105zk\u00f3w wynikaj\u0105cych z przepis\u00f3w prawa.<\/p>\r\n<p>Przetwarzamy r\u00f3wnie\u017c Twoje dane osobowe w celach wskazanych poni\u017cej, na podstawie prawnie uzasadnionego interesu Milestone, kt\u00f3rym jest:<\/p>\r\n<ul>\r\n<li>monitorowanie Twojej aktywno\u015bci oraz wszystkich innych u\u017cytkownik\u00f3w, obejmuj\u0105ce zarz\u0105dzanie Twoj\u0105 aktywno\u015bci\u0105 w aplikacji Printoscope;<\/li>\r\n<li>prowadzenie wobec Ciebie dzia\u0142a\u0144 marketingowych, w tym prowadzenia marketingu bezpo\u015bredniego w\u0142asnych us\u0142ug Milestone, lub us\u0142ug b\u0105d\u017a towar\u00f3w os\u00f3b trzecich;<\/li>\r\n<li>kontaktowanie si\u0119 z Tob\u0105, w tym w celach zwi\u0105zanych z dozwolonymi dzia\u0142aniami marketingowymi, poprzez dost\u0119pne kana\u0142y komunikacji, w szczeg\u00f3lno\u015bci i za Twoj\u0105 zgod\u0105 - przez e-mail;<\/li>\r\n<li>wsparcie dla us\u0142ug finansowych i ubezpieczenia oferowanego w aplikacji Printoscope;<\/li>\r\n<li>zapewnienie obs\u0142ugi us\u0142ug p\u0142atniczych;<\/li>\r\n<li>zapewnienie bezpiecze\u0144stwa us\u0142ug, kt\u00f3re \u015bwiadczymy Ci drog\u0105 elektroniczn\u0105, w tym egzekwowanie przestrzegania zasad wewn\u0119trznych aplikacji Printoscope oraz przeciwdzia\u0142anie oszustwom, praniu pieni\u0119dzy, terroryzmowi oraz nadu\u017cyciom i zapewnienia bezpiecze\u0144stwa ruchu;<\/li>\r\n<li>monitorowanie Twojej aktywno\u015bci oraz wszystkich innych u\u017cytkownik\u00f3w np. przeprowadzenia bada\u0144 i analiz aplikacji Printoscope m.in. pod k\u0105tem funkcjonalno\u015bci, poprawy dzia\u0142ania us\u0142ug czy oszacowania g\u0142\u00f3wnych zainteresowa\u0144 i potrzeb naszych u\u017cytkownik\u00f3w;<\/li>\r\n<li>obs\u0142uga Twoich pr\u00f3\u015bb przekazywanych w szczeg\u00f3lno\u015bci do Biura Obs\u0142ugi Klienta w sytuacji, gdy nie s\u0105 one zwi\u0105zane wprost z wykonaniem umowy;<\/li>\r\n<li>organizacja program\u00f3w lojalno\u015bciowych, konkurs\u00f3w oraz akcji promocyjnych, w kt\u00f3rych mo\u017cesz wzi\u0105\u0107 udzia\u0142;<\/li>\r\n<li>windykacja nale\u017cno\u015bci; prowadzenie post\u0119powa\u0144 s\u0105dowych, arbitra\u017cowych i mediacyjnych;<\/li>\r\n<li>prowadzenie analiz statystycznych;<\/li>\r\n<li>przechowywanie danych dla cel\u00f3w archiwizacyjnych oraz zapewnienie rozliczalno\u015bci (wykazania spe\u0142nienia przez nas obowi\u0105zk\u00f3w wynikaj\u0105cych z przepis\u00f3w prawa).<\/li>\r\n<\/ul>\r\n<p>Je\u015bli si\u0119 na to zgodzisz, przetwarzamy Twoje dane osobowe w celu:<\/p>\r\n<ul>\r\n<li>zapisywania danych w plikach cookies;<\/li>\r\n<li>gromadzenia danych ze stron www i aplikacji mobilnych;<\/li>\r\n<li>organizacji konkurs\u00f3w oraz akcji promocyjnych, w kt\u00f3rych mo\u017cesz wzi\u0105\u0107 udzia\u0142;<\/li>\r\n<li>udost\u0119pnienia Tobie us\u0142ugi w postaci Newsletter\u2019a - podstaw\u0105 prawn\u0105 przetwarzania danych osobowych w tym wypadku jest zgoda, kt\u00f3r\u0105 wyra\u017casz zapisuj\u0105c si\u0119 na Newsletter i udost\u0119pniaj\u0105c nam adres e\u2013mail.<\/li>\r\n<\/ul>\r\n<p>Zgod\u0119 na przetwarzanie danych osobowych, mo\u017cesz wycofa\u0107 w dowolnym momencie, pisz\u0105c email na adres office@wayms.com oraz usuwaj\u0105c aplikacj\u0119 Printoscope. Zaprzestaniemy przetwarzania niezw\u0142ocznie, a o efekcie Ci\u0119 poinformujemy. B\u0119dziemy przetwarza\u0107 Twoje dane osobowe dop\u00f3ki nie wycofasz zgody. Milestone gwarantuje, \u017ce b\u0119dzie przetwarza\u0107 Twoje dane osobowe wy\u0142\u0105cznie w konkretnych, wyra\u017anych i prawnie uzasadnionych celach i nie b\u0119dzie przetwarza\u0107 ich dalej w spos\u00f3b niezgodny z tymi celami.<\/p>\r\n<h2>Czy musisz poda\u0107 nam swoje dane osobowe?<\/h2>\r\n<p>Wymagamy podania przez Ciebie nast\u0119puj\u0105cych danych osobowych, aby m\u00f3c zawrze\u0107 i wykona\u0107 umow\u0119 zawart\u0105 z Tob\u0105, a tym samym \u015bwiadczy\u0107 Ci us\u0142ug\u0119:<\/p>\r\n<ul>\r\n<li>adres e-mail, (w przypadku Konta w aplikacji printoscope)<\/li>\r\n<\/ul>\r\n<p>Je\u015bli z jakiego\u015b powodu nie podasz tych danych osobowych, niestety nie b\u0119dziemy mogli zawrze\u0107 z Tob\u0105 umowy lub \u015bwiadczy\u0107 okre\u015blonych us\u0142ug, a w konsekwencji nie b\u0119dziesz m\u00f3g\u0142 korzysta\u0107 z aplikacji Printoscope lub okre\u015blonych us\u0142ug w jej ramach.<\/p>\r\n<p>Je\u017celi wymagaj\u0105 tego przepisy prawa, mo\u017cemy wymaga\u0107 od Ciebie podania innych danych niezb\u0119dnych np. ze wzgl\u0119d\u00f3w rachunkowych lub podatkowych lub w celu wykonania obowi\u0105zk\u00f3w wynikaj\u0105cych z przepis\u00f3w ustawy z dnia 1 marca 2018 r. o przeciwdzia\u0142aniu praniu pieni\u0119dzy oraz finansowaniu terroryzmu.<\/p>\r\n<p>Poza tymi przypadkami podanie Twoich danych jest dobrowolne, zw\u0142aszcza podanie danych w celach marketingowych jest dobrowolne.<\/p>\r\n<h2>W jakich sytuacjach mo\u017cesz si\u0119 sprzeciwi\u0107 wobec przetwarzania Twoich danych?<\/h2>\r\n<p>Masz prawo wnie\u015b\u0107 sprzeciw wobec przetwarzania Twoich danych osobowych, gdy:<\/p>\r\n<ul>\r\n<li>przetwarzanie Twoich danych osobowych odbywa si\u0119 na podstawie prawnie uzasadnionego interesu lub dla cel\u00f3w statystycznych, a sprzeciw jest uzasadniony przez szczeg\u00f3ln\u0105 sytuacj\u0119, w kt\u00f3rej si\u0119 znalaz\u0142e\u015b\/a\u015b,<\/li>\r\n<li>Twoje dane osobowe przetwarzane s\u0105 na potrzeby marketingu bezpo\u015bredniego, w tym s\u0105 profilowane dla tego celu.<\/li>\r\n<\/ul>\r\n<p>Pami\u0119taj, \u017ce z prawa sprzeciwu mo\u017cesz skorzysta\u0107 od 25 maja 2018 roku.<\/p>\r\n<h2>Komu udost\u0119pniamy Twoje dane osobowe?<\/h2>\r\n<p>Dost\u0119p do Twoich danych osobowych b\u0119d\u0105 mie\u0107 wewn\u0105trz struktury organizacyjnej Milestone wy\u0142\u0105cznie upowa\u017cnieni przez nas pracownicy i tylko w niezb\u0119dnym zakresie. W niekt\u00f3rych sytuacjach Twoje dane osobowe mo\u017cemy udost\u0119pni\u0107 odbiorcom spoza struktury Milestone. Zawsze w takiej sytuacji b\u0119dziemy dok\u0142adnie bada\u0107 podstaw\u0119 prawn\u0105 udost\u0119pnienia Twoich danych osobowych.<\/p>\r\n<p>Mo\u017cemy przekaza\u0107 Twoje dane osobowe organom publicznym w szczeg\u00f3lno\u015bci walcz\u0105cym z oszustwami i nadu\u017cyciami.<\/p>\r\n<p>Mo\u017cemy przekaza\u0107 Twoje dane podmiotom obs\u0142uguj\u0105cym komunikacj\u0119 prowadzon\u0105 za pomoc\u0105 poczty elektronicznej lub powiadomie\u0144 typu push, w celu informowania Ci\u0119 o np. zmianach regulaminu, dost\u0119pno\u015bci us\u0142ug w aplikacji Printoscope oraz innych istotnych wydarzeniach. Ka\u017cdy taki podmiot zobowi\u0105zany jest na mocy prawa i umowy z Milestone do przestrzegania przepis\u00f3w RODO oraz przetwarzania Twoich danych na podstawie i tylko w zakresie przewidzianym umow\u0105.<\/p>\r\n<h2>Jak d\u0142ugo przechowujemy Twoje dane osobowe?<\/h2>\r\n<p>Przechowujemy Twoje dane osobowe przez czas obowi\u0105zywania umowy zawartej z Tob\u0105, a tak\u017ce po jej zako\u0144czeniu w innych zgodnych z prawem celach, zwi\u0105zanych z umow\u0105:<\/p>\r\n<ul>\r\n<li>dochodzenia roszcze\u0144 w zwi\u0105zku z wykonywaniem umowy,<\/li>\r\n<li>wykonania obowi\u0105zk\u00f3w wynikaj\u0105cych z przepis\u00f3w prawa, w tym w szczeg\u00f3lno\u015bci podatkowych i rachunkowych,<\/li>\r\n<li>zapobiegania nadu\u017cyciom i oszustwom,<\/li>\r\n<li>statystycznych i archiwizacyjnych,<\/li>\r\n<li>maksymalnie przez okres 10 lat od dnia zako\u0144czenia wykonania umowy.<\/li>\r\n<\/ul>\r\n<p>Przechowujemy Twoje dane osobowe dla cel\u00f3w marketingowych przez okres obowi\u0105zywania umowy lub do momentu wniesienia przez Ciebie sprzeciwu wobec takiego przetwarzania, w zale\u017cno\u015bci od tego, kt\u00f3re z tych zdarze\u0144 wyst\u0105pi wcze\u015bniej.<\/p>\r\n<p>W przypadku organizacji program\u00f3w lojalno\u015bciowych, konkurs\u00f3w oraz akcji promocyjnych, w kt\u00f3rych mo\u017cesz wzi\u0105\u0107 udzia\u0142 \u2013 b\u0119dziemy przetwarza\u0107 Twoje dane przez czas ich trwania i okres rozliczenia wr\u0119czania nagr\u00f3d, zgodnie z regulaminem programu, konkursu lub akcji.<\/p>\r\n<p>W celu rozliczalno\u015bci tj. udowodnienia przestrzegania przepis\u00f3w dotycz\u0105cych przetwarzania danych osobowych b\u0119dziemy przechowywa\u0107 dane przez okres, w kt\u00f3rym Milestone jest zobowi\u0105zany do zachowania danych lub dokument\u00f3w je zawieraj\u0105cych dla udokumentowania spe\u0142nienia wymaga\u0144 prawnych i umo\u017cliwienia kontroli ich spe\u0142nienia przez organy publiczne.<\/p>\r\n<h2>Czy przekazujemy Twoje dane do pa\u0144stw spoza Europejskiego Obszaru Gospodarczego?<\/h2>\r\n<p>Twoje dane osobowe b\u0119d\u0105 przekazywane poza Europejski Obszar Gospodarczy do Google LLC w oparciu o odpowiednie zabezpieczenia prawne, kt\u00f3rymi s\u0105 standardowe klauzule umowne ochrony danych osobowych, zatwierdzone przez Komisj\u0119 Europejsk\u0105.<\/p>\r\n<h2>Czy przetwarzamy Twoje dane osobowe automatycznie (w tym poprzez profilowanie) w spos\u00f3b wp\u0142ywaj\u0105cy na Twoje prawa?<\/h2>\r\n<p>Twoje dane osobowe b\u0119d\u0105 przetwarzane w spos\u00f3b zautomatyzowany (w tym w formie profilowania), jednak\u017ce nie b\u0119dzie to wywo\u0142ywa\u0107 wobec Ciebie \u017cadnych skutk\u00f3w prawnych lub w podobny spos\u00f3b istotnie wp\u0142ywa\u0107 na Twoj\u0105 sytuacj\u0119.<\/p>\r\n<p>Profilowanie danych osobowych przez Milestone polega na przetwarzaniu Twoich danych w spos\u00f3b zautomatyzowany, poprzez wykorzystywanie ich do oceny niekt\u00f3rych informacji o Tobie, w szczeg\u00f3lno\u015bci do:<\/p>\r\n<ul>\r\n<li>analizy lub prognozy osobistych preferencji oraz zainteresowa\u0144,<\/li>\r\n<li>a tak\u017ce dokonywania oceny ryzyka prania pieni\u0119dzy i finansowania terroryzmu, kt\u00f3ra odbywa si\u0119 na podstawie danych zadeklarowanych przez Ciebie przy zawieraniu umowy ze Milestone, danych dost\u0119pnych publicznie oraz danych transakcyjnych w oparciu o ustalone obiektywne kryteria np. ekonomiczne, geograficzne, przedmiotowe. Konsekwencj\u0105 dokonywanej oceny jest automatyczna kwalifikacja do okre\u015blonej grupy ryzyka.<\/li>\r\n<\/ul>\r\n\r\n<p>&nbsp;<\/p>\r\n\r\n<p>&nbsp;<\/p>\r\n\r\n<p>&nbsp;<\/p>","protected":false},"excerpt":{"rendered":"<p>Privacy of Users and security of their data is the primary goal of Milestone Sp. z o.o. Pi\u0105tkowska 122 \/ [&hellip;]<\/p>","protected":false},"author":1,"featured_media":0,"parent":0,"menu_order":0,"comment_status":"closed","ping_status":"open","template":"","meta":[],"_links":{"self":[{"href":"https:\/\/wayms.pl\/pl\/wp-json\/wp\/v2\/pages\/3"}],"collection":[{"href":"https:\/\/wayms.pl\/pl\/wp-json\/wp\/v2\/pages"}],"about":[{"href":"https:\/\/wayms.pl\/pl\/wp-json\/wp\/v2\/types\/page"}],"author":[{"embeddable":true,"href":"https:\/\/wayms.pl\/pl\/wp-json\/wp\/v2\/users\/1"}],"replies":[{"embeddable":true,"href":"https:\/\/wayms.pl\/pl\/wp-json\/wp\/v2\/comments?post=3"}],"version-history":[{"count":6,"href":"https:\/\/wayms.pl\/pl\/wp-json\/wp\/v2\/pages\/3\/revisions"}],"predecessor-version":[{"id":83435,"href":"https:\/\/wayms.pl\/pl\/wp-json\/wp\/v2\/pages\/3\/revisions\/83435"}],"wp:attachment":[{"href":"https:\/\/wayms.pl\/pl\/wp-json\/wp\/v2\/media?parent=3"}],"curies":[{"name":"wp","href":"https:\/\/api.w.org\/{rel}","templated":true}]}}